{"id":11127,"date":"2022-07-13T19:03:54","date_gmt":"2022-07-13T18:03:54","guid":{"rendered":"https:\/\/cofgms.com\/politique-de-confidentialite\/"},"modified":"2024-11-07T13:48:38","modified_gmt":"2024-11-07T12:48:38","slug":"politique-de-confidentialite","status":"publish","type":"page","link":"https:\/\/cofgms.com\/fr\/politique-de-confidentialite\/","title":{"rendered":"Politique de confidentialit\u00e9"},"content":{"rendered":"\t\t<div data-elementor-type=\"wp-page\" data-elementor-id=\"11127\" class=\"elementor elementor-11127 elementor-3\" data-elementor-post-type=\"page\">\n\t\t\t\t<div class=\"elementor-element elementor-element-e38c2fa e-flex e-con-boxed e-con e-parent\" data-id=\"e38c2fa\" data-element_type=\"container\">\n\t\t\t\t\t<div class=\"e-con-inner\">\n\t\t\t\t<div class=\"elementor-element elementor-element-513d734 elementor-widget__width-initial elementor-widget-tablet_extra__width-initial elementor-widget-mobile_extra__width-initial elementor-hidden-mobile_extra elementor-hidden-mobile elementor-widget elementor-widget-table-of-contents\" data-id=\"513d734\" data-element_type=\"widget\" data-settings=\"{&quot;headings_by_tags&quot;:[&quot;h3&quot;],&quot;exclude_headings_by_selector&quot;:[],&quot;marker_view&quot;:&quot;bullets&quot;,&quot;icon&quot;:{&quot;value&quot;:&quot;&quot;,&quot;library&quot;:&quot;&quot;},&quot;sticky&quot;:&quot;top&quot;,&quot;sticky_on&quot;:[&quot;desktop&quot;,&quot;laptop&quot;,&quot;tablet_extra&quot;,&quot;tablet&quot;],&quot;sticky_offset_tablet_extra&quot;:20,&quot;sticky_offset&quot;:40,&quot;sticky_parent&quot;:&quot;yes&quot;,&quot;no_headings_message&quot;:&quot;Aucun titre n\\u2019a \\u00e9t\\u00e9 trouv\\u00e9 sur cette page.&quot;,&quot;min_height&quot;:{&quot;unit&quot;:&quot;px&quot;,&quot;size&quot;:&quot;&quot;,&quot;sizes&quot;:[]},&quot;min_height_laptop&quot;:{&quot;unit&quot;:&quot;px&quot;,&quot;size&quot;:&quot;&quot;,&quot;sizes&quot;:[]},&quot;min_height_tablet_extra&quot;:{&quot;unit&quot;:&quot;px&quot;,&quot;size&quot;:&quot;&quot;,&quot;sizes&quot;:[]},&quot;min_height_tablet&quot;:{&quot;unit&quot;:&quot;px&quot;,&quot;size&quot;:&quot;&quot;,&quot;sizes&quot;:[]},&quot;min_height_mobile_extra&quot;:{&quot;unit&quot;:&quot;px&quot;,&quot;size&quot;:&quot;&quot;,&quot;sizes&quot;:[]},&quot;min_height_mobile&quot;:{&quot;unit&quot;:&quot;px&quot;,&quot;size&quot;:&quot;&quot;,&quot;sizes&quot;:[]},&quot;sticky_effects_offset&quot;:0,&quot;sticky_anchor_link_offset&quot;:0}\" data-widget_type=\"table-of-contents.default\">\n\t\t\t\t<div class=\"elementor-widget-container\">\n\t\t\t\t\t\t\t\t\t<div class=\"elementor-toc__header\">\n\t\t\t\t\t\t<h4 class=\"elementor-toc__header-title\">\n\t\t\t\tTable des mati\u00e8res\t\t\t<\/h4>\n\t\t\t\t\t\t\t\t<\/div>\n\t\t\t\t<div id=\"elementor-toc__513d734\" class=\"elementor-toc__body\">\n\t\t\t<div class=\"elementor-toc__spinner-container\">\n\t\t\t\t<svg class=\"elementor-toc__spinner eicon-animation-spin e-font-icon-svg e-eicon-loading\" aria-hidden=\"true\" viewBox=\"0 0 1000 1000\" xmlns=\"http:\/\/www.w3.org\/2000\/svg\"><path d=\"M500 975V858C696 858 858 696 858 500S696 142 500 142 142 304 142 500H25C25 237 238 25 500 25S975 237 975 500 763 975 500 975Z\"><\/path><\/svg>\t\t\t<\/div>\n\t\t<\/div>\n\t\t\t\t\t\t<\/div>\n\t\t\t\t<\/div>\n\t\t<div class=\"elementor-element elementor-element-410cebe e-con-full e-flex e-con e-child\" data-id=\"410cebe\" data-element_type=\"container\">\n\t\t\t\t<div class=\"elementor-element elementor-element-b3ae754 elementor-widget elementor-widget-text-editor\" data-id=\"b3ae754\" data-element_type=\"widget\" data-widget_type=\"text-editor.default\">\n\t\t\t\t<div class=\"elementor-widget-container\">\n\t\t\t\t\t\t\t\t\t<p>La version anglaise de la pr\u00e9sente politique de confidentialit\u00e9 fait autorit\u00e9 et est juridiquement contraignante. Les traductions sont fournies uniquement pour faciliter la compr\u00e9hension de la version anglaise. En cas de divergence entre les traductions et la version anglaise, cette derni\u00e8re pr\u00e9vaut.  <\/p>\n\t\t\t\t\t\t\t\t<\/div>\n\t\t\t\t<\/div>\n\t\t\t\t<div class=\"elementor-element elementor-element-235855a elementor-widget-tablet_extra__width-initial elementor-widget-tablet__width-initial elementor-widget__width-initial policy-text elementor-widget elementor-widget-text-editor\" data-id=\"235855a\" data-element_type=\"widget\" data-widget_type=\"text-editor.default\">\n\t\t\t\t<div class=\"elementor-widget-container\">\n\t\t\t\t\t\t\t\t\t<h3>Introduction<\/h3>\n<p>Nous respectons votre vie priv\u00e9e et nous nous engageons \u00e0 prot\u00e9ger vos informations personnelles. La pr\u00e9sente politique de confidentialit\u00e9 d\u00e9crit la mani\u00e8re dont le Compliance Officers Forum of GIABA member States (COFGMS) (&#8220;nous&#8221;, &#8220;notre&#8221; ou &#8220;nos&#8221;) recueille, utilise, divulgue et prot\u00e8ge vos donn\u00e9es lorsque vous visitez notre site web d&#8217;adh\u00e9sion (le \u00ab cofgms.com \u00bb). En utilisant notre site, vous acceptez la collecte et l&#8217;utilisation d&#8217;informations conform\u00e9ment \u00e0 la pr\u00e9sente politique.  <\/p>\n<h3>1. Les informations que nous collectons<\/h3>\n<p>Nous pouvons collecter ou recevoir des informations personnelles pour un certain nombre de raisons li\u00e9es \u00e0 nos activit\u00e9s commerciales, notamment les suivantes:<\/p>\n<p><strong>Contact par le biais d&#8217;un formulaire web:<\/strong> A cette fin, nous utilisons les donn\u00e9es suivantes : nom et pr\u00e9nom, adresse \u00e9lectronique et num\u00e9ro de t\u00e9l\u00e9phone.<\/p>\n<p><strong>Enregistrement d&#8217;un compte:<\/strong> A cette fin, nous utilisons les donn\u00e9es suivantes : Pr\u00e9nom et nom de famille, nom de compte ou pseudonyme, domicile ou autre adresse physique, y compris le nom de la rue et le nom de la ville, adresse \u00e9lectronique, num\u00e9ro de t\u00e9l\u00e9phone, date de naissance, sexe, photo, informations sur l&#8217;\u00e9ducation, informations professionnelles ou li\u00e9es \u00e0 l&#8217;emploi.<\/p>\n<p><strong>Paiements:<\/strong> Nous collectons des donn\u00e9es telles que vos nom et pr\u00e9nom et votre adresse \u00e9lectronique pour traiter les frais d&#8217;adh\u00e9sion. Les informations relatives \u00e0 la facturation, y compris les num\u00e9ros de carte de cr\u00e9dit, sont collect\u00e9es par notre prestataire de services de paiement tiers, Paystack, qui g\u00e8re toutes les transactions de paiement. <\/p>\n<p><strong>Bulletins d&#8217;information:<\/strong> A cette fin, nous utilisons les donn\u00e9es suivantes : l&#8217;adresse \u00e9lectronique, le nom et le pr\u00e9nom.<\/p>\n<p><strong>Donn\u00e9es d&#8217;utilisation:<\/strong> Nous recueillons automatiquement des informations lorsque vous utilisez notre site, telles que les adresses IP, le type de navigateur, les pages visit\u00e9es et d&#8217;autres donn\u00e9es analytiques.<\/p>\n<h3>2. Comment nous utilisons vos informations<\/h3>\n<p>Nous utilisons les informations que nous recueillons aux fins suivantes:<\/p>\n<ul>\n<li>Pour vous pr\u00e9senter nos sites web et leur contenu.<\/li>\n<li>Pour faciliter votre adh\u00e9sion, notamment en vous donnant acc\u00e8s \u00e0 du contenu et \u00e0 des ressources r\u00e9serv\u00e9s aux membres.<\/li>\n<li>Pour g\u00e9rer votre compte et vous fournir des avis concernant les services, y compris les avis d&#8217;expiration et de renouvellement.<\/li>\n<li>Pour g\u00e9rer la facturation et les informations financi\u00e8res relatives aux cotisations des membres ou aux inscriptions \u00e0 des \u00e9v\u00e9nements.<\/li>\n<li>A des fins de service \u00e0 la client\u00e8le et d&#8217;assistance \u00e0 la client\u00e8le.<\/li>\n<li>Fournir, personnaliser, mesurer et am\u00e9liorer votre exp\u00e9rience avec nos sites web et fournir du contenu, des produits et des services.<\/li>\n<li>Pour communiquer avec vous au sujet des produits, services, promotions, \u00e9v\u00e9nements, nouvelles, mises \u00e0 jour et possibilit\u00e9s d&#8217;adh\u00e9sion du COFGMS.<\/li>\n<li>Pour g\u00e9rer des activit\u00e9s promotionnelles, telles que des enqu\u00eates, des tirages au sort, des concours et des r\u00e9f\u00e9rences.<\/li>\n<li>Pour aider \u00e0 maintenir et \u00e0 am\u00e9liorer la s\u00e9curit\u00e9 et l&#8217;int\u00e9grit\u00e9 de nos sites web et de nos services.<\/li>\n<li>\u00c0 des fins de test, de recherche, d&#8217;analyse et de d\u00e9veloppement de produits, comme le d\u00e9veloppement et l&#8217;am\u00e9lioration de nos sites web, de nos services, de nos bases de donn\u00e9es, de nos autres actifs technologiques et de nos autres offres.<\/li>\n<li>Pour soutenir nos activit\u00e9s commerciales g\u00e9n\u00e9rales.<\/li>\n<li>Pour vous informer des modifications apport\u00e9es \u00e0 nos sites web ou \u00e0 nos services.<\/li>\n<li>\u00c0 d&#8217;autres fins, pour lesquelles nous fournissons des avis sp\u00e9cifiques au moment de la collecte.<\/li>\n<li>Pour r\u00e9pondre \u00e0 toute autre finalit\u00e9 pour laquelle vous les fournissez.<\/li>\n<li>Assurer le respect de nos politiques et des lois applicables.<\/li>\n<\/ul>\n<h3>3. Partage des informations<\/h3>\n<p>Nous ne vendons ni ne louons vos informations personnelles. Nous pouvons partager vos informations dans les circonstances suivantes: <\/p>\n<p><strong>Prestataires de services:<\/strong> Nous pouvons partager vos donn\u00e9es avec des fournisseurs de services tiers de confiance qui nous aident \u00e0 maintenir notre site et \u00e0 fournir nos services.<\/p>\n<p><strong>Exigences l\u00e9gales:<\/strong> Nous pouvons divulguer vos informations pour nous conformer aux lois, r\u00e9glementations ou proc\u00e9dures judiciaires applicables si n\u00e9cessaire.<\/p>\n<p><strong>Membres de l&#8217;association:<\/strong> Certaines informations, telles que votre nom, votre titre professionnel et vos coordonn\u00e9es, peuvent \u00eatre mises \u00e0 la disposition d&#8217;autres membres \u00e0 des fins de mise en r\u00e9seau, sous r\u00e9serve de vos pr\u00e9f\u00e9rences.<\/p>\n<h3>4. S\u00e9curit\u00e9 et conservation des donn\u00e9es<\/h3>\n<p>Nous prenons des mesures raisonnables pour prot\u00e9ger vos informations personnelles contre l&#8217;acc\u00e8s, l&#8217;utilisation ou la divulgation non autoris\u00e9s. Nous utilisons des mesures de s\u00e9curit\u00e9 conformes aux normes industrielles, notamment le cryptage, les pare-feu et les serveurs s\u00e9curis\u00e9s, pour prot\u00e9ger vos donn\u00e9es. <\/p>\n<p>En outre, nous formons nos coll\u00e8gues qui auront acc\u00e8s \u00e0 vos informations personnelles et aux donn\u00e9es prot\u00e9g\u00e9es par la loi \u00e0 l&#8217;importance de la confidentialit\u00e9 et du maintien de la vie priv\u00e9e et de la s\u00e9curit\u00e9 de vos informations personnelles.<\/p>\n<p>Nous ne conservons vos informations personnelles que pendant la dur\u00e9e n\u00e9cessaire \u00e0 la r\u00e9alisation des objectifs d\u00e9crits dans la pr\u00e9sente politique de confidentialit\u00e9, y compris pour nous conformer \u00e0 des exigences l\u00e9gales, comptables ou de reporting. En particulier, nous conservons ces donn\u00e9es pendant 24 mois apr\u00e8s la cessation du service. <\/p>\n<h3>5. Vos droits en mati\u00e8re de donn\u00e9es<\/h3>\n<p>Vous avez le droit d&#8217;acc\u00e9der \u00e0 vos informations personnelles, de les corriger, de les mettre \u00e0 jour ou de les supprimer \u00e0 tout moment. Vous pouvez le faire en nous contactant \u00e0 l&#8217;adresse contact@cofgms.com. Vous avez \u00e9galement le droit de vous opposer au traitement de vos donn\u00e9es ou de le restreindre dans certaines circonstances.  <\/p>\n<h3>6. Cookies<\/h3>\n<p>Notre site utilise des cookies et des technologies de suivi similaires pour am\u00e9liorer votre exp\u00e9rience. Vous pouvez r\u00e9gler les param\u00e8tres de votre navigateur pour refuser les cookies ; toutefois, cela peut avoir une incidence sur votre capacit\u00e9 \u00e0 acc\u00e9der \u00e0 certaines fonctionnalit\u00e9s du site. Pour des informations d\u00e9taill\u00e9es sur les cookies et la mani\u00e8re dont nous les utilisons, veuillez consulter notre avis sur les <span style=\"text-decoration: underline;\"><a href=\"https:\/\/cofgms.com\/fr\/politique-de-cookies\/\">Cookies<\/a><\/span>.  <\/p>\n<h3>7. Sites web de tiers<\/h3>\n<p>La pr\u00e9sente d\u00e9claration de confidentialit\u00e9 ne s&#8217;applique pas aux sites web de tiers reli\u00e9s par des liens sur notre site web. Nous ne pouvons pas garantir que ces tiers traitent vos donn\u00e9es personnelles de mani\u00e8re fiable ou s\u00e9curis\u00e9e. Nous vous recommandons de lire les d\u00e9clarations de confidentialit\u00e9 de ces sites web avant de les utiliser.  <\/p>\n<h3>8. Modifications de la pr\u00e9sente politique de protection de la vie priv\u00e9e<\/h3>\n<p>Nous pouvons mettre \u00e0 jour la pr\u00e9sente politique de confidentialit\u00e9 de temps \u00e0 autre. Toute modification sera publi\u00e9e sur cette page avec une date de \u00ab derni\u00e8re modification \u00bb mise \u00e0 jour. Nous vous encourageons \u00e0 consulter r\u00e9guli\u00e8rement cette politique.  <\/p>\n<h3>9. Nous contacter<\/h3>\n<p>Si vous avez des questions ou des pr\u00e9occupations concernant la pr\u00e9sente politique de confidentialit\u00e9 ou nos pratiques, veuillez nous contacter \u00e0 l&#8217;adresse suivante: contact@cofgms.com.<\/p>\n\t\t\t\t\t\t\t\t<\/div>\n\t\t\t\t<\/div>\n\t\t\t\t<div class=\"elementor-element elementor-element-053ba13 elementor-widget elementor-widget-heading\" data-id=\"053ba13\" data-element_type=\"widget\" data-widget_type=\"heading.default\">\n\t\t\t\t<div class=\"elementor-widget-container\">\n\t\t\t\t\t<span class=\"elementor-heading-title elementor-size-default\">Derni\u00e8re Modification : 5 Novembre 2024<\/span>\t\t\t\t<\/div>\n\t\t\t\t<\/div>\n\t\t\t\t<\/div>\n\t\t\t\t\t<\/div>\n\t\t\t\t<\/div>\n\t\t\t\t<\/div>\n\t\t","protected":false},"excerpt":{"rendered":"<p>Table des mati\u00e8res La version anglaise de la pr\u00e9sente politique de confidentialit\u00e9 fait autorit\u00e9 et est juridiquement contraignante. Les traductions sont fournies uniquement pour faciliter la compr\u00e9hension de la version anglaise. En cas de divergence entre les traductions et la version anglaise, cette derni\u00e8re pr\u00e9vaut. Introduction Nous respectons votre vie priv\u00e9e et nous nous engageons [&hellip;]<\/p>\n","protected":false},"author":1,"featured_media":0,"parent":0,"menu_order":0,"comment_status":"closed","ping_status":"closed","template":"","meta":{"footnotes":""},"class_list":["post-11127","page","type-page","status-publish","hentry"],"_links":{"self":[{"href":"https:\/\/cofgms.com\/fr\/wp-json\/wp\/v2\/pages\/11127","targetHints":{"allow":["GET"]}}],"collection":[{"href":"https:\/\/cofgms.com\/fr\/wp-json\/wp\/v2\/pages"}],"about":[{"href":"https:\/\/cofgms.com\/fr\/wp-json\/wp\/v2\/types\/page"}],"author":[{"embeddable":true,"href":"https:\/\/cofgms.com\/fr\/wp-json\/wp\/v2\/users\/1"}],"replies":[{"embeddable":true,"href":"https:\/\/cofgms.com\/fr\/wp-json\/wp\/v2\/comments?post=11127"}],"version-history":[{"count":0,"href":"https:\/\/cofgms.com\/fr\/wp-json\/wp\/v2\/pages\/11127\/revisions"}],"wp:attachment":[{"href":"https:\/\/cofgms.com\/fr\/wp-json\/wp\/v2\/media?parent=11127"}],"curies":[{"name":"wp","href":"https:\/\/api.w.org\/{rel}","templated":true}]}}