{"id":11330,"date":"2024-11-05T22:17:17","date_gmt":"2024-11-05T21:17:17","guid":{"rendered":"https:\/\/cofgms.com\/politique-de-cookies\/"},"modified":"2024-11-07T13:45:59","modified_gmt":"2024-11-07T12:45:59","slug":"politique-de-cookies","status":"publish","type":"page","link":"https:\/\/cofgms.com\/fr\/politique-de-cookies\/","title":{"rendered":"Politique De Cookies"},"content":{"rendered":"\t\t<div data-elementor-type=\"wp-page\" data-elementor-id=\"11330\" class=\"elementor elementor-11330 elementor-11113\" data-elementor-post-type=\"page\">\n\t\t\t\t<div class=\"elementor-element elementor-element-cefce21 e-flex e-con-boxed e-con e-parent\" data-id=\"cefce21\" data-element_type=\"container\">\n\t\t\t\t\t<div class=\"e-con-inner\">\n\t\t\t\t<div class=\"elementor-element elementor-element-a3fc821 elementor-widget__width-initial elementor-widget-tablet_extra__width-initial elementor-widget-mobile_extra__width-initial elementor-hidden-mobile_extra elementor-hidden-mobile elementor-widget elementor-widget-table-of-contents\" data-id=\"a3fc821\" data-element_type=\"widget\" data-settings=\"{&quot;headings_by_tags&quot;:[&quot;h3&quot;],&quot;exclude_headings_by_selector&quot;:[],&quot;marker_view&quot;:&quot;bullets&quot;,&quot;icon&quot;:{&quot;value&quot;:&quot;&quot;,&quot;library&quot;:&quot;&quot;},&quot;sticky&quot;:&quot;top&quot;,&quot;sticky_on&quot;:[&quot;desktop&quot;,&quot;laptop&quot;,&quot;tablet_extra&quot;,&quot;tablet&quot;],&quot;sticky_offset_tablet_extra&quot;:20,&quot;sticky_offset&quot;:40,&quot;sticky_parent&quot;:&quot;yes&quot;,&quot;no_headings_message&quot;:&quot;Aucun titre n\\u2019a \\u00e9t\\u00e9 trouv\\u00e9 sur cette page.&quot;,&quot;min_height&quot;:{&quot;unit&quot;:&quot;px&quot;,&quot;size&quot;:&quot;&quot;,&quot;sizes&quot;:[]},&quot;min_height_laptop&quot;:{&quot;unit&quot;:&quot;px&quot;,&quot;size&quot;:&quot;&quot;,&quot;sizes&quot;:[]},&quot;min_height_tablet_extra&quot;:{&quot;unit&quot;:&quot;px&quot;,&quot;size&quot;:&quot;&quot;,&quot;sizes&quot;:[]},&quot;min_height_tablet&quot;:{&quot;unit&quot;:&quot;px&quot;,&quot;size&quot;:&quot;&quot;,&quot;sizes&quot;:[]},&quot;min_height_mobile_extra&quot;:{&quot;unit&quot;:&quot;px&quot;,&quot;size&quot;:&quot;&quot;,&quot;sizes&quot;:[]},&quot;min_height_mobile&quot;:{&quot;unit&quot;:&quot;px&quot;,&quot;size&quot;:&quot;&quot;,&quot;sizes&quot;:[]},&quot;sticky_effects_offset&quot;:0,&quot;sticky_anchor_link_offset&quot;:0}\" data-widget_type=\"table-of-contents.default\">\n\t\t\t\t<div class=\"elementor-widget-container\">\n\t\t\t\t\t\t\t\t\t<div class=\"elementor-toc__header\">\n\t\t\t\t\t\t<h4 class=\"elementor-toc__header-title\">\n\t\t\t\tTable des mati\u00e8res\t\t\t<\/h4>\n\t\t\t\t\t\t\t\t<\/div>\n\t\t\t\t<div id=\"elementor-toc__a3fc821\" class=\"elementor-toc__body\">\n\t\t\t<div class=\"elementor-toc__spinner-container\">\n\t\t\t\t<svg class=\"elementor-toc__spinner eicon-animation-spin e-font-icon-svg e-eicon-loading\" aria-hidden=\"true\" viewBox=\"0 0 1000 1000\" xmlns=\"http:\/\/www.w3.org\/2000\/svg\"><path d=\"M500 975V858C696 858 858 696 858 500S696 142 500 142 142 304 142 500H25C25 237 238 25 500 25S975 237 975 500 763 975 500 975Z\"><\/path><\/svg>\t\t\t<\/div>\n\t\t<\/div>\n\t\t\t\t\t\t<\/div>\n\t\t\t\t<\/div>\n\t\t<div class=\"elementor-element elementor-element-45b9345 e-con-full e-flex e-con e-child\" data-id=\"45b9345\" data-element_type=\"container\">\n\t\t\t\t<div class=\"elementor-element elementor-element-ce5bcc5 elementor-widget elementor-widget-text-editor\" data-id=\"ce5bcc5\" data-element_type=\"widget\" data-widget_type=\"text-editor.default\">\n\t\t\t\t<div class=\"elementor-widget-container\">\n\t\t\t\t\t\t\t\t\t<p>La version anglaise de la pr\u00e9sente politique en mati\u00e8re de cookies fait autorit\u00e9 et est juridiquement contraignante. Les traductions sont fournies uniquement pour faciliter la compr\u00e9hension de la version anglaise. En cas de divergence entre les traductions et la version anglaise, cette derni\u00e8re pr\u00e9vaut.  <\/p>\n\t\t\t\t\t\t\t\t<\/div>\n\t\t\t\t<\/div>\n\t\t\t\t<div class=\"elementor-element elementor-element-37445f7 elementor-widget-tablet_extra__width-initial elementor-widget-tablet__width-initial elementor-widget__width-initial policy-text elementor-widget elementor-widget-text-editor\" data-id=\"37445f7\" data-element_type=\"widget\" data-widget_type=\"text-editor.default\">\n\t\t\t\t<div class=\"elementor-widget-container\">\n\t\t\t\t\t\t\t\t\t<h3>Introduction<\/h3>\n<p>La pr\u00e9sente politique en mati\u00e8re de cookies explique comment le Compliance Officers Forum of GIABA member States (COFGMS) (&#8220;nous&#8221;, &#8220;notre&#8221; ou &#8220;nos&#8221;) utilise les cookies et autres technologies de suivi similaires sur son site web (&#8220;cofgms.com&#8221;). En utilisant le site web, vous consentez \u00e0 ce que nous utilisions des cookies de la mani\u00e8re d\u00e9crite dans la pr\u00e9sente politique. Cette politique vise \u00e0 garantir la transparence et \u00e0 vous informer des options dont vous disposez en mati\u00e8re de gestion des cookies.  <\/p>\n<h3>Qu&#8217;est-ce qu&#8217;un cookie ?<\/h3>\n<p>Les cookies sont de petits fichiers texte plac\u00e9s sur votre appareil (ordinateur ou smartphone) par les sites web que vous visitez. Ils sont largement utilis\u00e9s pour garantir le bon fonctionnement des sites web, am\u00e9liorer l&#8217;exp\u00e9rience des utilisateurs et fournir des informations aux propri\u00e9taires des sites web. <\/p>\n<h3>Types de cookies que nous utilisons<\/h3>\n<ol>\n<li>Cookies essentiels : Ces cookies sont strictement n\u00e9cessaires au bon fonctionnement du site web. Ils vous permettent de naviguer sur le site, d&#8217;acc\u00e9der \u00e0 des zones s\u00e9curis\u00e9es et d&#8217;utiliser des fonctions cl\u00e9s telles que la connexion des membres. <\/li>\n<li>Cookies statistiques : Nous utilisons ces cookies pour collecter des informations sur la mani\u00e8re dont les visiteurs interagissent avec notre site web. Cela nous aide \u00e0 am\u00e9liorer les performances du site web et votre exp\u00e9rience. Toutes les informations collect\u00e9es par ces cookies sont agr\u00e9g\u00e9es et anonymes.  <\/li>\n<\/ol>\n<h3>Cookies de tiers<\/h3>\n<p>Dans certains cas, nous pouvons utiliser des cookies fournis par des tiers, tels que des services d&#8217;analyse, pour nous aider \u00e0 comprendre comment vous utilisez notre site web. Ces cookies de tiers sont r\u00e9gis par les politiques de confidentialit\u00e9 des fournisseurs de services tiers. <\/p>\n<h3>Gestion des cookies<\/h3>\n<p>Vous pouvez contr\u00f4ler et g\u00e9rer les cookies de diff\u00e9rentes mani\u00e8res. La plupart des navigateurs vous permettent de refuser ou d&#8217;accepter les cookies, ainsi que de supprimer les cookies existants. Veuillez noter que si vous choisissez de d\u00e9sactiver ou de rejeter les cookies, certaines fonctionnalit\u00e9s de notre site web pourraient ne pas fonctionner correctement et votre exp\u00e9rience d&#8217;utilisateur pourrait en \u00eatre affect\u00e9e.  <\/p>\n<p><a class=\"cmplz-show-banner\">G\u00e9rer vos cookies \u2197<\/a><\/p>\n<h3>Avis de confidentialit\u00e9<\/h3>\n<p>Pour plus d&#8217;informations sur la mani\u00e8re dont nous utilisons les informations collect\u00e9es par les cookies, veuillez consulter notre <a href=\"https:\/\/cofgms.com\/fr\/politique-de-confidentialite\/\"><span style=\"text-decoration: underline;\">Avis De Confidentialit\u00e9<\/span><\/a>.<\/p>\n<h3>Modifications de la pr\u00e9sente politique en mati\u00e8re de cookies<\/h3>\n<p>Nous pouvons mettre \u00e0 jour cette politique en mati\u00e8re de cookies de temps \u00e0 autre pour refl\u00e9ter les changements dans les technologies que nous utilisons ou nos obligations l\u00e9gales. Toute modification sera publi\u00e9e sur cette page avec une date de r\u00e9vision actualis\u00e9e. <\/p>\n<h3>Nous contacter<\/h3>\n<p>Si vous avez des questions concernant cette politique en mati\u00e8re de cookies, veuillez nous contacter \u00e0 l&#8217;adresse suivante : contact@cofgms.com.<\/p>\n\t\t\t\t\t\t\t\t<\/div>\n\t\t\t\t<\/div>\n\t\t\t\t<div class=\"elementor-element elementor-element-7b69e50 elementor-widget elementor-widget-heading\" data-id=\"7b69e50\" data-element_type=\"widget\" data-widget_type=\"heading.default\">\n\t\t\t\t<div class=\"elementor-widget-container\">\n\t\t\t\t\t<span class=\"elementor-heading-title elementor-size-default\">Derni\u00e8re Modification : 5 Novembre 2024<\/span>\t\t\t\t<\/div>\n\t\t\t\t<\/div>\n\t\t\t\t<\/div>\n\t\t\t\t\t<\/div>\n\t\t\t\t<\/div>\n\t\t\t\t<\/div>\n\t\t","protected":false},"excerpt":{"rendered":"<p>Table des mati\u00e8res La version anglaise de la pr\u00e9sente politique en mati\u00e8re de cookies fait autorit\u00e9 et est juridiquement contraignante. Les traductions sont fournies uniquement pour faciliter la compr\u00e9hension de la version anglaise. En cas de divergence entre les traductions et la version anglaise, cette derni\u00e8re pr\u00e9vaut. Introduction La pr\u00e9sente politique en mati\u00e8re de cookies [&hellip;]<\/p>\n","protected":false},"author":1,"featured_media":0,"parent":0,"menu_order":0,"comment_status":"closed","ping_status":"closed","template":"","meta":{"footnotes":""},"class_list":["post-11330","page","type-page","status-publish","hentry"],"_links":{"self":[{"href":"https:\/\/cofgms.com\/fr\/wp-json\/wp\/v2\/pages\/11330","targetHints":{"allow":["GET"]}}],"collection":[{"href":"https:\/\/cofgms.com\/fr\/wp-json\/wp\/v2\/pages"}],"about":[{"href":"https:\/\/cofgms.com\/fr\/wp-json\/wp\/v2\/types\/page"}],"author":[{"embeddable":true,"href":"https:\/\/cofgms.com\/fr\/wp-json\/wp\/v2\/users\/1"}],"replies":[{"embeddable":true,"href":"https:\/\/cofgms.com\/fr\/wp-json\/wp\/v2\/comments?post=11330"}],"version-history":[{"count":0,"href":"https:\/\/cofgms.com\/fr\/wp-json\/wp\/v2\/pages\/11330\/revisions"}],"wp:attachment":[{"href":"https:\/\/cofgms.com\/fr\/wp-json\/wp\/v2\/media?parent=11330"}],"curies":[{"name":"wp","href":"https:\/\/api.w.org\/{rel}","templated":true}]}}