{"id":11344,"date":"2024-11-05T22:17:17","date_gmt":"2024-11-05T21:17:17","guid":{"rendered":"https:\/\/cofgms.com\/politica-de-cookies\/"},"modified":"2024-11-07T13:40:59","modified_gmt":"2024-11-07T12:40:59","slug":"politica-de-cookies","status":"publish","type":"page","link":"https:\/\/cofgms.com\/pt-pt\/politica-de-cookies\/","title":{"rendered":"Pol\u00edtica De Cookies"},"content":{"rendered":"\t\t<div data-elementor-type=\"wp-page\" data-elementor-id=\"11344\" class=\"elementor elementor-11344 elementor-11113\" data-elementor-post-type=\"page\">\n\t\t\t\t<div class=\"elementor-element elementor-element-cefce21 e-flex e-con-boxed e-con e-parent\" data-id=\"cefce21\" data-element_type=\"container\">\n\t\t\t\t\t<div class=\"e-con-inner\">\n\t\t\t\t<div class=\"elementor-element elementor-element-a3fc821 elementor-widget__width-initial elementor-widget-tablet_extra__width-initial elementor-widget-mobile_extra__width-initial elementor-hidden-mobile_extra elementor-hidden-mobile elementor-widget elementor-widget-table-of-contents\" data-id=\"a3fc821\" data-element_type=\"widget\" data-settings=\"{&quot;headings_by_tags&quot;:[&quot;h3&quot;],&quot;exclude_headings_by_selector&quot;:[],&quot;marker_view&quot;:&quot;bullets&quot;,&quot;icon&quot;:{&quot;value&quot;:&quot;&quot;,&quot;library&quot;:&quot;&quot;},&quot;sticky&quot;:&quot;top&quot;,&quot;sticky_on&quot;:[&quot;desktop&quot;,&quot;laptop&quot;,&quot;tablet_extra&quot;,&quot;tablet&quot;],&quot;sticky_offset_tablet_extra&quot;:20,&quot;sticky_offset&quot;:40,&quot;sticky_parent&quot;:&quot;yes&quot;,&quot;no_headings_message&quot;:&quot;No headings were found on this page.&quot;,&quot;min_height&quot;:{&quot;unit&quot;:&quot;px&quot;,&quot;size&quot;:&quot;&quot;,&quot;sizes&quot;:[]},&quot;min_height_laptop&quot;:{&quot;unit&quot;:&quot;px&quot;,&quot;size&quot;:&quot;&quot;,&quot;sizes&quot;:[]},&quot;min_height_tablet_extra&quot;:{&quot;unit&quot;:&quot;px&quot;,&quot;size&quot;:&quot;&quot;,&quot;sizes&quot;:[]},&quot;min_height_tablet&quot;:{&quot;unit&quot;:&quot;px&quot;,&quot;size&quot;:&quot;&quot;,&quot;sizes&quot;:[]},&quot;min_height_mobile_extra&quot;:{&quot;unit&quot;:&quot;px&quot;,&quot;size&quot;:&quot;&quot;,&quot;sizes&quot;:[]},&quot;min_height_mobile&quot;:{&quot;unit&quot;:&quot;px&quot;,&quot;size&quot;:&quot;&quot;,&quot;sizes&quot;:[]},&quot;sticky_effects_offset&quot;:0,&quot;sticky_anchor_link_offset&quot;:0}\" data-widget_type=\"table-of-contents.default\">\n\t\t\t\t<div class=\"elementor-widget-container\">\n\t\t\t\t\t\t\t\t\t<div class=\"elementor-toc__header\">\n\t\t\t\t\t\t<h4 class=\"elementor-toc__header-title\">\n\t\t\t\t\u00cdndice\t\t\t<\/h4>\n\t\t\t\t\t\t\t\t<\/div>\n\t\t\t\t<div id=\"elementor-toc__a3fc821\" class=\"elementor-toc__body\">\n\t\t\t<div class=\"elementor-toc__spinner-container\">\n\t\t\t\t<svg class=\"elementor-toc__spinner eicon-animation-spin e-font-icon-svg e-eicon-loading\" aria-hidden=\"true\" viewBox=\"0 0 1000 1000\" xmlns=\"http:\/\/www.w3.org\/2000\/svg\"><path d=\"M500 975V858C696 858 858 696 858 500S696 142 500 142 142 304 142 500H25C25 237 238 25 500 25S975 237 975 500 763 975 500 975Z\"><\/path><\/svg>\t\t\t<\/div>\n\t\t<\/div>\n\t\t\t\t\t\t<\/div>\n\t\t\t\t<\/div>\n\t\t<div class=\"elementor-element elementor-element-45b9345 e-con-full e-flex e-con e-child\" data-id=\"45b9345\" data-element_type=\"container\">\n\t\t\t\t<div class=\"elementor-element elementor-element-ce5bcc5 elementor-widget elementor-widget-text-editor\" data-id=\"ce5bcc5\" data-element_type=\"widget\" data-widget_type=\"text-editor.default\">\n\t\t\t\t<div class=\"elementor-widget-container\">\n\t\t\t\t\t\t\t\t\t<p>A vers\u00e3o inglesa da presente Pol\u00edtica de Cookies \u00e9 a vers\u00e3o oficial e juridicamente vinculativa. As tradu\u00e7\u00f5es s\u00e3o fornecidas apenas por conveni\u00eancia, para facilitar a compreens\u00e3o da vers\u00e3o inglesa. Em caso de discrep\u00e2ncias entre as tradu\u00e7\u00f5es e a vers\u00e3o inglesa, prevalecer\u00e1 a vers\u00e3o inglesa.  <\/p>\n\t\t\t\t\t\t\t\t<\/div>\n\t\t\t\t<\/div>\n\t\t\t\t<div class=\"elementor-element elementor-element-37445f7 elementor-widget-tablet_extra__width-initial elementor-widget-tablet__width-initial elementor-widget__width-initial policy-text elementor-widget elementor-widget-text-editor\" data-id=\"37445f7\" data-element_type=\"widget\" data-widget_type=\"text-editor.default\">\n\t\t\t\t<div class=\"elementor-widget-container\">\n\t\t\t\t\t\t\t\t\t<h3>Introdu\u00e7\u00e3o<\/h3>\n<p>A presente Pol\u00edtica de Cookies explica como o Compliance Officers Forum of GIABA member States (COFGMS) (\u201cn\u00f3s\u201d, \u201cnos\u201d ou \u201cnosso\u201d) utiliza cookies e tecnologias de rastreio semelhantes no nosso s\u00edtio Web (\u201ccofgms.com\u201d). Ao utilizar o s\u00edtio Web, o utilizador consente na utiliza\u00e7\u00e3o de cookies conforme descrito nesta pol\u00edtica. Esta pol\u00edtica tem como objetivo garantir a transpar\u00eancia e informar o utilizador sobre as suas op\u00e7\u00f5es relativamente \u00e0 gest\u00e3o de cookies.  <\/p>\n<h3>O que s\u00e3o cookies?<\/h3>\n<p>Os cookies s\u00e3o pequenos ficheiros de texto que s\u00e3o colocados no seu dispositivo (como um computador ou smartphone) pelos s\u00edtios Web que visita. S\u00e3o amplamente utilizados para garantir que os s\u00edtios Web funcionam corretamente, melhorar a experi\u00eancia do utilizador e fornecer informa\u00e7\u00f5es aos propriet\u00e1rios dos s\u00edtios Web. <\/p>\n<h3>Tipos de cookies que utilizamos<\/h3>\n<ol>\n<li>Cookies essenciais: Estes cookies s\u00e3o estritamente necess\u00e1rios para que o s\u00edtio Web funcione corretamente. Permitem-lhe navegar no s\u00edtio, aceder a \u00e1reas seguras e utilizar funcionalidades essenciais como o in\u00edcio de sess\u00e3o de membro. <\/li>\n<li>Cookies de estat\u00edsticas: Utilizamos estes cookies para recolher informa\u00e7\u00f5es sobre a forma como os visitantes interagem com o nosso Web site. Isto ajuda-nos a melhorar o desempenho do s\u00edtio Web e a sua experi\u00eancia. Todas as informa\u00e7\u00f5es recolhidas por estes cookies s\u00e3o agregadas e an\u00f3nimas.  <\/li>\n<\/ol>\n<h3>Cookies de terceiros<\/h3>\n<p>Em alguns casos, podemos utilizar cookies fornecidos por terceiros, como servi\u00e7os de an\u00e1lise, para nos ajudar a compreender a forma como o utilizador utiliza o nosso s\u00edtio Web. Estes cookies de terceiros s\u00e3o regidos pelas pol\u00edticas de privacidade dos fornecedores de servi\u00e7os de terceiros. <\/p>\n<h3>Gerir cookies<\/h3>\n<p>O utilizador pode controlar e gerir os cookies de v\u00e1rias formas. A maioria dos browsers permite-lhe recusar ou aceitar cookies, bem como eliminar cookies existentes. Tenha em aten\u00e7\u00e3o que, se optar por desativar ou rejeitar cookies, algumas funcionalidades do nosso s\u00edtio Web poder\u00e3o n\u00e3o funcionar corretamente e a sua experi\u00eancia de utilizador poder\u00e1 ser afetada.  <\/p>\n<p><a class=\"cmplz-show-banner\">Gerir os seus cookies \u2197<\/a><\/p>\n<h3>Aviso de privacidade<\/h3>\n<p>Para mais informa\u00e7\u00f5es sobre a forma como utilizamos as informa\u00e7\u00f5es recolhidas pelos cookies, consulte o nosso <a href=\"https:\/\/cofgms.com\/pt-pt\/politica-de-privacidade\/\"><span style=\"text-decoration: underline;\">Aviso de Privacidade<\/span><\/a><\/p>\n<h3>Altera\u00e7\u00f5es a esta pol\u00edtica de cookies<\/h3>\n<p>Podemos atualizar esta Pol\u00edtica de Cookies periodicamente para refletir altera\u00e7\u00f5es nas tecnologias que utilizamos ou nas nossas obriga\u00e7\u00f5es legais. Quaisquer altera\u00e7\u00f5es ser\u00e3o publicadas nesta p\u00e1gina com uma data de revis\u00e3o actualizada. <\/p>\n<h3>Contactar-nos<\/h3>\n<p>Se tiver alguma quest\u00e3o relacionada com esta Pol\u00edtica de Cookies, contacte-nos atrav\u00e9s do endere\u00e7o contact@cofgms.com.<\/p>\n\t\t\t\t\t\t\t\t<\/div>\n\t\t\t\t<\/div>\n\t\t\t\t<div class=\"elementor-element elementor-element-7b69e50 elementor-widget elementor-widget-heading\" data-id=\"7b69e50\" data-element_type=\"widget\" data-widget_type=\"heading.default\">\n\t\t\t\t<div class=\"elementor-widget-container\">\n\t\t\t\t\t<span class=\"elementor-heading-title elementor-size-default\">\u00daltima Modifica\u00e7\u00e3o: 5 De Novembro De 2024<\/span>\t\t\t\t<\/div>\n\t\t\t\t<\/div>\n\t\t\t\t<\/div>\n\t\t\t\t\t<\/div>\n\t\t\t\t<\/div>\n\t\t\t\t<\/div>\n\t\t","protected":false},"excerpt":{"rendered":"<p>\u00cdndice A vers\u00e3o inglesa da presente Pol\u00edtica de Cookies \u00e9 a vers\u00e3o oficial e juridicamente vinculativa. As tradu\u00e7\u00f5es s\u00e3o fornecidas apenas por conveni\u00eancia, para facilitar a compreens\u00e3o da vers\u00e3o inglesa. Em caso de discrep\u00e2ncias entre as tradu\u00e7\u00f5es e a vers\u00e3o inglesa, prevalecer\u00e1 a vers\u00e3o inglesa. Introdu\u00e7\u00e3o A presente Pol\u00edtica de Cookies explica como o Compliance [&hellip;]<\/p>\n","protected":false},"author":1,"featured_media":0,"parent":0,"menu_order":0,"comment_status":"closed","ping_status":"closed","template":"","meta":{"footnotes":""},"class_list":["post-11344","page","type-page","status-publish","hentry"],"_links":{"self":[{"href":"https:\/\/cofgms.com\/pt-pt\/wp-json\/wp\/v2\/pages\/11344","targetHints":{"allow":["GET"]}}],"collection":[{"href":"https:\/\/cofgms.com\/pt-pt\/wp-json\/wp\/v2\/pages"}],"about":[{"href":"https:\/\/cofgms.com\/pt-pt\/wp-json\/wp\/v2\/types\/page"}],"author":[{"embeddable":true,"href":"https:\/\/cofgms.com\/pt-pt\/wp-json\/wp\/v2\/users\/1"}],"replies":[{"embeddable":true,"href":"https:\/\/cofgms.com\/pt-pt\/wp-json\/wp\/v2\/comments?post=11344"}],"version-history":[{"count":0,"href":"https:\/\/cofgms.com\/pt-pt\/wp-json\/wp\/v2\/pages\/11344\/revisions"}],"wp:attachment":[{"href":"https:\/\/cofgms.com\/pt-pt\/wp-json\/wp\/v2\/media?parent=11344"}],"curies":[{"name":"wp","href":"https:\/\/api.w.org\/{rel}","templated":true}]}}