{"id":11348,"date":"2022-07-13T19:03:54","date_gmt":"2022-07-13T18:03:54","guid":{"rendered":"https:\/\/cofgms.com\/politica-de-privacidade\/"},"modified":"2024-11-07T13:37:08","modified_gmt":"2024-11-07T12:37:08","slug":"politica-de-privacidade","status":"publish","type":"page","link":"https:\/\/cofgms.com\/pt-pt\/politica-de-privacidade\/","title":{"rendered":"Pol\u00edtica De Privacidade"},"content":{"rendered":"\t\t<div data-elementor-type=\"wp-page\" data-elementor-id=\"11348\" class=\"elementor elementor-11348 elementor-3\" data-elementor-post-type=\"page\">\n\t\t\t\t<div class=\"elementor-element elementor-element-e38c2fa e-flex e-con-boxed e-con e-parent\" data-id=\"e38c2fa\" data-element_type=\"container\">\n\t\t\t\t\t<div class=\"e-con-inner\">\n\t\t\t\t<div class=\"elementor-element elementor-element-513d734 elementor-widget__width-initial elementor-widget-tablet_extra__width-initial elementor-widget-mobile_extra__width-initial elementor-hidden-mobile_extra elementor-hidden-mobile elementor-widget elementor-widget-table-of-contents\" data-id=\"513d734\" data-element_type=\"widget\" data-settings=\"{&quot;headings_by_tags&quot;:[&quot;h3&quot;],&quot;exclude_headings_by_selector&quot;:[],&quot;marker_view&quot;:&quot;bullets&quot;,&quot;icon&quot;:{&quot;value&quot;:&quot;&quot;,&quot;library&quot;:&quot;&quot;},&quot;sticky&quot;:&quot;top&quot;,&quot;sticky_on&quot;:[&quot;desktop&quot;,&quot;laptop&quot;,&quot;tablet_extra&quot;,&quot;tablet&quot;],&quot;sticky_offset_tablet_extra&quot;:20,&quot;sticky_offset&quot;:40,&quot;sticky_parent&quot;:&quot;yes&quot;,&quot;no_headings_message&quot;:&quot;No headings were found on this page.&quot;,&quot;min_height&quot;:{&quot;unit&quot;:&quot;px&quot;,&quot;size&quot;:&quot;&quot;,&quot;sizes&quot;:[]},&quot;min_height_laptop&quot;:{&quot;unit&quot;:&quot;px&quot;,&quot;size&quot;:&quot;&quot;,&quot;sizes&quot;:[]},&quot;min_height_tablet_extra&quot;:{&quot;unit&quot;:&quot;px&quot;,&quot;size&quot;:&quot;&quot;,&quot;sizes&quot;:[]},&quot;min_height_tablet&quot;:{&quot;unit&quot;:&quot;px&quot;,&quot;size&quot;:&quot;&quot;,&quot;sizes&quot;:[]},&quot;min_height_mobile_extra&quot;:{&quot;unit&quot;:&quot;px&quot;,&quot;size&quot;:&quot;&quot;,&quot;sizes&quot;:[]},&quot;min_height_mobile&quot;:{&quot;unit&quot;:&quot;px&quot;,&quot;size&quot;:&quot;&quot;,&quot;sizes&quot;:[]},&quot;sticky_effects_offset&quot;:0,&quot;sticky_anchor_link_offset&quot;:0}\" data-widget_type=\"table-of-contents.default\">\n\t\t\t\t<div class=\"elementor-widget-container\">\n\t\t\t\t\t\t\t\t\t<div class=\"elementor-toc__header\">\n\t\t\t\t\t\t<h4 class=\"elementor-toc__header-title\">\n\t\t\t\t\u00cdndice\t\t\t<\/h4>\n\t\t\t\t\t\t\t\t<\/div>\n\t\t\t\t<div id=\"elementor-toc__513d734\" class=\"elementor-toc__body\">\n\t\t\t<div class=\"elementor-toc__spinner-container\">\n\t\t\t\t<svg class=\"elementor-toc__spinner eicon-animation-spin e-font-icon-svg e-eicon-loading\" aria-hidden=\"true\" viewBox=\"0 0 1000 1000\" xmlns=\"http:\/\/www.w3.org\/2000\/svg\"><path d=\"M500 975V858C696 858 858 696 858 500S696 142 500 142 142 304 142 500H25C25 237 238 25 500 25S975 237 975 500 763 975 500 975Z\"><\/path><\/svg>\t\t\t<\/div>\n\t\t<\/div>\n\t\t\t\t\t\t<\/div>\n\t\t\t\t<\/div>\n\t\t<div class=\"elementor-element elementor-element-410cebe e-con-full e-flex e-con e-child\" data-id=\"410cebe\" data-element_type=\"container\">\n\t\t\t\t<div class=\"elementor-element elementor-element-b3ae754 elementor-widget elementor-widget-text-editor\" data-id=\"b3ae754\" data-element_type=\"widget\" data-widget_type=\"text-editor.default\">\n\t\t\t\t<div class=\"elementor-widget-container\">\n\t\t\t\t\t\t\t\t\t<p>A vers\u00e3o em ingl\u00eas da presente Pol\u00edtica de Privacidade \u00e9 a vers\u00e3o oficial e juridicamente vinculativa. As tradu\u00e7\u00f5es s\u00e3o fornecidas apenas por conveni\u00eancia para facilitar a compreens\u00e3o da vers\u00e3o em ingl\u00eas. Em caso de discrep\u00e2ncias entre as tradu\u00e7\u00f5es e a vers\u00e3o em ingl\u00eas, a vers\u00e3o em ingl\u00eas prevalecer\u00e1.  <\/p>\n\t\t\t\t\t\t\t\t<\/div>\n\t\t\t\t<\/div>\n\t\t\t\t<div class=\"elementor-element elementor-element-235855a elementor-widget-tablet_extra__width-initial elementor-widget-tablet__width-initial elementor-widget__width-initial policy-text elementor-widget elementor-widget-text-editor\" data-id=\"235855a\" data-element_type=\"widget\" data-widget_type=\"text-editor.default\">\n\t\t\t\t<div class=\"elementor-widget-container\">\n\t\t\t\t\t\t\t\t\t<h3>Introdu\u00e7\u00e3o<\/h3>\n<p>Respeitamos a sua privacidade e estamos empenhados em proteger as suas informa\u00e7\u00f5es pessoais. A presente Pol\u00edtica de Privacidade descreve a forma como o Compliance Officers Forum of GIABA member States (COFGMS) (\u201cn\u00f3s\u201d, \u201cnos\u201d ou \u201cnosso\u201d) recolhe, utiliza, divulga e protege os seus dados quando visita o nosso s\u00edtio Web de membros (o \u201ccofgms.com\u201d). Ao utilizar o nosso S\u00edtio, o utilizador concorda com a recolha e utiliza\u00e7\u00e3o de informa\u00e7\u00f5es de acordo com esta pol\u00edtica.  <\/p>\n<h3>1. Informa\u00e7\u00f5es que recolhemos<\/h3>\n<p>Podemos recolher ou receber informa\u00e7\u00f5es pessoais para uma s\u00e9rie de fins relacionados com as nossas opera\u00e7\u00f5es comerciais, que podem incluir o seguinte:<\/p>\n<p><strong>Contacto atrav\u00e9s do formul\u00e1rio Web:<\/strong> Para este efeito, utilizamos os seguintes dados: Nome e apelido, endere\u00e7o de correio eletr\u00f3nico e n\u00famero de telefone.<\/p>\n<p><strong>Registar uma conta:<\/strong> Para este efeito, utilizamos os seguintes dados: Nome e apelido, nome da conta ou pseud\u00f3nimo, morada ou outro endere\u00e7o f\u00edsico, incluindo o nome da rua e o nome de uma cidade ou localidade, endere\u00e7o de correio eletr\u00f3nico, n\u00famero de telefone, data de nascimento, sexo, fotografia, informa\u00e7\u00f5es sobre educa\u00e7\u00e3o, informa\u00e7\u00f5es profissionais ou relacionadas com o emprego.<\/p>\n<p><strong>Pagamentos:<\/strong> Recolhemos dados como o seu primeiro e \u00faltimo nome e endere\u00e7o de correio eletr\u00f3nico para processar as taxas de ades\u00e3o. As informa\u00e7\u00f5es de fatura\u00e7\u00e3o, incluindo n\u00fameros de cart\u00f5es de cr\u00e9dito, s\u00e3o recolhidas pelo nosso processador de pagamentos externo, Paystack, que trata de todas as transac\u00e7\u00f5es de pagamento. <\/p>\n<p><strong>Boletins informativos:<\/strong> Para este efeito, utilizamos os seguintes dados: Endere\u00e7o de correio eletr\u00f3nico e nome e apelido.<\/p>\n<p><strong>Dados de utiliza\u00e7\u00e3o:<\/strong> Recolhemos informa\u00e7\u00f5es automaticamente quando o utilizador utiliza o nosso Site, tais como endere\u00e7os IP, tipo de browser, p\u00e1ginas visitadas e outros dados anal\u00edticos.<\/p>\n<h3>2. Como utilizamos as suas informa\u00e7\u00f5es<\/h3>\n<p>Utilizamos as informa\u00e7\u00f5es que recolhemos para os seguintes fins:<\/p>\n<ul>\n<li>Para apresentar os nossos s\u00edtios Web e os seus conte\u00fados ao utilizador.<\/li>\n<li>Para facilitar a sua ades\u00e3o, incluindo o acesso a conte\u00fados e recursos exclusivos para membros.<\/li>\n<li>Para gerir a conta do utilizador e enviar-lhe avisos relativos aos Servi\u00e7os, incluindo avisos de expira\u00e7\u00e3o e renova\u00e7\u00e3o.<\/li>\n<li>Para gerir a fatura\u00e7\u00e3o e as informa\u00e7\u00f5es financeiras relacionadas com as quotas dos membros ou as inscri\u00e7\u00f5es em eventos.<\/li>\n<li>Para efeitos de servi\u00e7o e apoio ao cliente.<\/li>\n<li>Para fornecer, personalizar, medir e melhorar a sua experi\u00eancia com os nossos s\u00edtios Web e fornecer conte\u00fados, produtos e servi\u00e7os.<\/li>\n<li>Para comunicar com o utilizador sobre produtos, servi\u00e7os, promo\u00e7\u00f5es, eventos, not\u00edcias, actualiza\u00e7\u00f5es e oportunidades de ades\u00e3o ao COFGMS.<\/li>\n<li>Para administrar actividades promocionais, tais como inqu\u00e9ritos, sorteios, concursos e refer\u00eancias.<\/li>\n<li>Para ajudar a manter e melhorar a seguran\u00e7a, a prote\u00e7\u00e3o e a integridade dos nossos Websites e Servi\u00e7os.<\/li>\n<li>Para testes, investiga\u00e7\u00e3o, an\u00e1lise e desenvolvimento de produtos, tais como o desenvolvimento e melhoria dos nossos Websites, Servi\u00e7os, bases de dados, outros activos tecnol\u00f3gicos e outras ofertas.<\/li>\n<li>Para apoiar as nossas opera\u00e7\u00f5es comerciais gerais.<\/li>\n<li>Para notificar o utilizador sobre altera\u00e7\u00f5es aos nossos Websites ou Servi\u00e7os.<\/li>\n<li>Para outros fins, para os quais fornecemos avisos espec\u00edficos no momento da recolha.<\/li>\n<li>Para cumprir qualquer outro objetivo para o qual o utilizador o forne\u00e7a.<\/li>\n<li>Para garantir o cumprimento das nossas pol\u00edticas e da legisla\u00e7\u00e3o aplic\u00e1vel.<\/li>\n<\/ul>\n<h3>3. Partilhar as suas informa\u00e7\u00f5es<\/h3>\n<p>N\u00e3o vendemos nem alugamos as suas informa\u00e7\u00f5es pessoais. Podemos partilhar as suas informa\u00e7\u00f5es nas seguintes circunst\u00e2ncias: <\/p>\n<p><strong>Prestadores de servi\u00e7os:<\/strong> Podemos partilhar os seus dados com fornecedores de servi\u00e7os terceiros de confian\u00e7a que nos ajudam a manter o nosso S\u00edtio e a fornecer os nossos servi\u00e7os.<\/p>\n<p><strong>Requisitos legais:<\/strong> Podemos divulgar as suas informa\u00e7\u00f5es para cumprir as leis, regulamentos ou procedimentos legais aplic\u00e1veis, se necess\u00e1rio.<\/p>\n<p><strong>Membros da Associa\u00e7\u00e3o:<\/strong> Certas informa\u00e7\u00f5es, como o seu nome, t\u00edtulo profissional e dados de contacto, podem ser disponibilizadas a outros membros para fins de liga\u00e7\u00e3o em rede, de acordo com as suas prefer\u00eancias.<\/p>\n<h3>4. Seguran\u00e7a e conserva\u00e7\u00e3o de dados<\/h3>\n<p>Tomamos medidas razo\u00e1veis para proteger as informa\u00e7\u00f5es pessoais do utilizador contra o acesso, utiliza\u00e7\u00e3o ou divulga\u00e7\u00e3o n\u00e3o autorizados. Utilizamos medidas de seguran\u00e7a padr\u00e3o da ind\u00fastria, incluindo encripta\u00e7\u00e3o, firewalls e servidores seguros, para salvaguardar os seus dados. <\/p>\n<p>Al\u00e9m disso, damos forma\u00e7\u00e3o aos nossos colegas que ter\u00e3o acesso \u00e0s suas informa\u00e7\u00f5es pessoais e aos dados legalmente protegidos sobre a import\u00e2ncia da confidencialidade e da manuten\u00e7\u00e3o da privacidade e da seguran\u00e7a das suas informa\u00e7\u00f5es pessoais.<\/p>\n<p>Conservamos as suas informa\u00e7\u00f5es pessoais apenas durante o tempo necess\u00e1rio para cumprir os objectivos descritos na presente Pol\u00edtica de Privacidade, incluindo para efeitos de cumprimento de quaisquer requisitos legais, contabil\u00edsticos ou de comunica\u00e7\u00e3o. Especificamente, conservamos estes dados ap\u00f3s a cessa\u00e7\u00e3o do servi\u00e7o durante 24 meses. <\/p>\n<h3>5. Os seus direitos em mat\u00e9ria de dados<\/h3>\n<p>O utilizador tem o direito de aceder, corrigir, atualizar ou eliminar as suas informa\u00e7\u00f5es pessoais em qualquer altura. Pode faz\u00ea-lo contactando-nos atrav\u00e9s do endere\u00e7o contact@cofgms.com. Tamb\u00e9m tem o direito de se opor ou restringir o processamento dos seus dados em determinadas circunst\u00e2ncias.  <\/p>\n<h3>6. Cookies<\/h3>\n<p>O nosso S\u00edtio utiliza cookies e tecnologias de rastreio semelhantes para melhorar a sua experi\u00eancia. O utilizador pode ajustar as defini\u00e7\u00f5es do seu browser para recusar cookies; no entanto, isso pode afetar a sua capacidade de aceder a determinadas funcionalidades do S\u00edtio. Para obter informa\u00e7\u00f5es pormenorizadas sobre os cookies e a forma como os utilizamos, consulte o nosso <span style=\"text-decoration: underline;\"><a href=\"https:\/\/cofgms.com\/pt-pt\/politica-de-cookies\/\">Aviso sobre cookies<\/a><\/span>.  <\/p>\n<h3>7. S\u00edtios Web de terceiros<\/h3>\n<p>A presente declara\u00e7\u00e3o de privacidade n\u00e3o se aplica a s\u00edtios Web de terceiros ligados por hiperliga\u00e7\u00f5es no nosso s\u00edtio Web. N\u00e3o podemos garantir que esses terceiros tratem os seus dados pessoais de forma fi\u00e1vel ou segura. Recomendamos que leia as declara\u00e7\u00f5es de privacidade desses s\u00edtios Web antes de os utilizar.  <\/p>\n<h3>8. Altera\u00e7\u00f5es \u00e0 presente pol\u00edtica de privacidade<\/h3>\n<p>Podemos atualizar esta Pol\u00edtica de Privacidade periodicamente. Quaisquer altera\u00e7\u00f5es ser\u00e3o publicadas nesta p\u00e1gina com uma data actualizada da \u201c\u00daltima modifica\u00e7\u00e3o\u201d. Aconselhamos o utilizador a rever esta pol\u00edtica periodicamente.  <\/p>\n<h3>9. Contactar-nos<\/h3>\n<p>Se tiver alguma quest\u00e3o ou d\u00favida sobre esta Pol\u00edtica de Privacidade ou sobre as nossas pr\u00e1ticas, contacte-nos atrav\u00e9s do endere\u00e7o contact@cofgms.com.<\/p>\n\t\t\t\t\t\t\t\t<\/div>\n\t\t\t\t<\/div>\n\t\t\t\t<div class=\"elementor-element elementor-element-053ba13 elementor-widget elementor-widget-heading\" data-id=\"053ba13\" data-element_type=\"widget\" data-widget_type=\"heading.default\">\n\t\t\t\t<div class=\"elementor-widget-container\">\n\t\t\t\t\t<span class=\"elementor-heading-title elementor-size-default\">\u00daltima Modifica\u00e7\u00e3o: 5 De Novembro De 2024<\/span>\t\t\t\t<\/div>\n\t\t\t\t<\/div>\n\t\t\t\t<\/div>\n\t\t\t\t\t<\/div>\n\t\t\t\t<\/div>\n\t\t\t\t<\/div>\n\t\t","protected":false},"excerpt":{"rendered":"<p>\u00cdndice A vers\u00e3o em ingl\u00eas da presente Pol\u00edtica de Privacidade \u00e9 a vers\u00e3o oficial e juridicamente vinculativa. As tradu\u00e7\u00f5es s\u00e3o fornecidas apenas por conveni\u00eancia para facilitar a compreens\u00e3o da vers\u00e3o em ingl\u00eas. Em caso de discrep\u00e2ncias entre as tradu\u00e7\u00f5es e a vers\u00e3o em ingl\u00eas, a vers\u00e3o em ingl\u00eas prevalecer\u00e1. Introdu\u00e7\u00e3o Respeitamos a sua privacidade e [&hellip;]<\/p>\n","protected":false},"author":1,"featured_media":0,"parent":0,"menu_order":0,"comment_status":"closed","ping_status":"closed","template":"","meta":{"footnotes":""},"class_list":["post-11348","page","type-page","status-publish","hentry"],"_links":{"self":[{"href":"https:\/\/cofgms.com\/pt-pt\/wp-json\/wp\/v2\/pages\/11348","targetHints":{"allow":["GET"]}}],"collection":[{"href":"https:\/\/cofgms.com\/pt-pt\/wp-json\/wp\/v2\/pages"}],"about":[{"href":"https:\/\/cofgms.com\/pt-pt\/wp-json\/wp\/v2\/types\/page"}],"author":[{"embeddable":true,"href":"https:\/\/cofgms.com\/pt-pt\/wp-json\/wp\/v2\/users\/1"}],"replies":[{"embeddable":true,"href":"https:\/\/cofgms.com\/pt-pt\/wp-json\/wp\/v2\/comments?post=11348"}],"version-history":[{"count":0,"href":"https:\/\/cofgms.com\/pt-pt\/wp-json\/wp\/v2\/pages\/11348\/revisions"}],"wp:attachment":[{"href":"https:\/\/cofgms.com\/pt-pt\/wp-json\/wp\/v2\/media?parent=11348"}],"curies":[{"name":"wp","href":"https:\/\/api.w.org\/{rel}","templated":true}]}}