{"id":586,"date":"2022-07-16T05:23:01","date_gmt":"2022-07-16T04:23:01","guid":{"rendered":"https:\/\/cofgms.com\/my-account\/"},"modified":"2024-06-22T08:55:30","modified_gmt":"2024-06-22T07:55:30","slug":"pagamentos","status":"publish","type":"page","link":"https:\/\/cofgms.com\/pt-pt\/pagamentos\/","title":{"rendered":"Pagamentos"},"content":{"rendered":"\t\t<div data-elementor-type=\"wp-page\" data-elementor-id=\"586\" class=\"elementor elementor-586 elementor-171\" data-elementor-post-type=\"page\">\n\t\t\t\t<div class=\"elementor-element elementor-element-fbf5fcc e-flex e-con-boxed e-con e-parent\" data-id=\"fbf5fcc\" data-element_type=\"container\">\n\t\t\t\t\t<div class=\"e-con-inner\">\n\t\t\t\t<div class=\"elementor-element elementor-element-6de5cf3 e-my-account-tabs-horizontal elementor-widget elementor-widget-woocommerce-my-account\" data-id=\"6de5cf3\" data-element_type=\"widget\" data-settings=\"{&quot;customize_dashboard_check&quot;:&quot;yes&quot;}\" data-widget_type=\"woocommerce-my-account.default\">\n\t\t\t\t<div class=\"elementor-widget-container\">\n\t\t\t\t\t<div class=\"e-my-account-tab e-my-account-tab__ \">\t\t\t<div class=\"woocommerce\"><\/div>\t\t<\/div>\n\t\t\t\t\t\t<\/div>\n\t\t\t\t<\/div>\n\t\t\t\t\t<\/div>\n\t\t\t\t<\/div>\n\t\t\t\t<\/div>\n\t\t","protected":false},"excerpt":{"rendered":"<p>Painel Encomendas Transfer\u00eancias Endere\u00e7os Detalhes da Conta Sair Painel Encomendas Transfer\u00eancias Endere\u00e7os Detalhes da Conta Sair Painel Encomendas Transfer\u00eancias Endere\u00e7os Detalhes da Conta Sair Painel Encomendas Transfer\u00eancias Endere\u00e7os Detalhes da Conta Sair Hello Netpadi Technology (not Netpadi Technology? Log out) From your account dashboard you can view your recent orders, manage your shipping and billing [&hellip;]<\/p>\n","protected":false},"author":1,"featured_media":0,"parent":0,"menu_order":0,"comment_status":"closed","ping_status":"closed","template":"","meta":{"footnotes":""},"class_list":["post-586","page","type-page","status-publish","hentry"],"_links":{"self":[{"href":"https:\/\/cofgms.com\/pt-pt\/wp-json\/wp\/v2\/pages\/586","targetHints":{"allow":["GET"]}}],"collection":[{"href":"https:\/\/cofgms.com\/pt-pt\/wp-json\/wp\/v2\/pages"}],"about":[{"href":"https:\/\/cofgms.com\/pt-pt\/wp-json\/wp\/v2\/types\/page"}],"author":[{"embeddable":true,"href":"https:\/\/cofgms.com\/pt-pt\/wp-json\/wp\/v2\/users\/1"}],"replies":[{"embeddable":true,"href":"https:\/\/cofgms.com\/pt-pt\/wp-json\/wp\/v2\/comments?post=586"}],"version-history":[{"count":0,"href":"https:\/\/cofgms.com\/pt-pt\/wp-json\/wp\/v2\/pages\/586\/revisions"}],"wp:attachment":[{"href":"https:\/\/cofgms.com\/pt-pt\/wp-json\/wp\/v2\/media?parent=586"}],"curies":[{"name":"wp","href":"https:\/\/api.w.org\/{rel}","templated":true}]}}